{"id":4157,"date":"2019-04-25T19:56:43","date_gmt":"2019-04-25T17:56:43","guid":{"rendered":"https:\/\/www.textilreinigung-pinguin.de\/?page_id=4157"},"modified":"2022-06-28T17:14:49","modified_gmt":"2022-06-28T15:14:49","slug":"branch-friedrichstrasse","status":"publish","type":"page","link":"https:\/\/www.textilreinigung-pinguin.de\/en\/branches\/branch-friedrichstrasse\/","title":{"rendered":"Branch Friedrichstra\u00dfe"},"content":{"rendered":"<div id=\"pl-4157\"  class=\"panel-layout\" ><div id=\"pg-4157-0\"  class=\"panel-grid panel-no-style\" ><div id=\"pgc-4157-0-0\"  class=\"panel-grid-cell\" ><div id=\"panel-4157-0-0-0\" class=\"so-panel widget widget_sow-editor panel-first-child panel-last-child\" data-index=\"0\" ><div\n\t\t\t\n\t\t\tclass=\"so-widget-sow-editor so-widget-sow-editor-base\"\n\t\t\t\n\t\t>\n<div class=\"siteorigin-widget-tinymce textwidget\">\n\t<h1>Dry cleaning Friedrichstra\u00dfe<\/h1>\n<h2 style=\"font-size: 16px; color: #9b9b9b; letter-spacing: .15rem; margin-top: -11px; text-transform: uppercase; line-height: 125%;\">First upper level in the train station Berlin Friedrichstra\u00dfe<\/h2>\n<\/div>\n<\/div><\/div><\/div><div id=\"pgc-4157-0-1\"  class=\"panel-grid-cell\" ><div id=\"panel-4157-0-1-0\" class=\"so-panel widget widget_sow-editor panel-first-child panel-last-child\" data-index=\"1\" ><div class=\"panel-widget-style panel-widget-style-for-4157-0-1-0\" ><div\n\t\t\t\n\t\t\tclass=\"so-widget-sow-editor so-widget-sow-editor-base\"\n\t\t\t\n\t\t>\n<div class=\"siteorigin-widget-tinymce textwidget\">\n\t<p style=\"text-align: right;\"><span class=\"green uk-h4 icon-phone\">030 \/&nbsp; 21 48 05 - 21<\/span><\/p>\n<\/div>\n<\/div><\/div><\/div><\/div><\/div><div id=\"pg-4157-1\"  class=\"panel-grid panel-no-style\" ><div id=\"pgc-4157-1-0\"  class=\"panel-grid-cell\" ><div id=\"panel-4157-1-0-0\" class=\"so-panel widget widget_sow-editor panel-first-child panel-last-child\" data-index=\"2\" ><div\n\t\t\t\n\t\t\tclass=\"so-widget-sow-editor so-widget-sow-editor-base\"\n\t\t\t\n\t\t>\n<div class=\"siteorigin-widget-tinymce textwidget\">\n\t<h5>opening hours<\/h5>\n<table>\n<tbody>\n<tr>\n<td>Mon-Fri<\/td>\n<td>07:00 am - 07:30 pm<\/td>\n<\/tr>\n<tr>\n<td>Sat<\/td>\n<td>09:00 am - 01:00 pm<\/td>\n<\/tr>\n<\/tbody>\n<\/table>\n<\/div>\n<\/div><\/div><\/div><div id=\"pgc-4157-1-1\"  class=\"panel-grid-cell\" ><div id=\"panel-4157-1-1-0\" class=\"so-panel widget widget_sow-editor panel-first-child panel-last-child\" data-index=\"3\" ><div\n\t\t\t\n\t\t\tclass=\"so-widget-sow-editor so-widget-sow-editor-base\"\n\t\t\t\n\t\t>\n<div class=\"siteorigin-widget-tinymce textwidget\">\n\t<p><strong>Express service (Mon-Fri)<\/strong><\/p>\n<p>Bring until 9 am and pick up the next day from 11 am<\/p>\n<\/div>\n<\/div><\/div><\/div><\/div><div id=\"pg-4157-2\"  class=\"panel-grid panel-no-style\" ><div id=\"pgc-4157-2-0\"  class=\"panel-grid-cell\" ><div id=\"panel-4157-2-0-0\" class=\"so-panel widget widget_sow-editor panel-first-child panel-last-child\" data-index=\"4\" ><div\n\t\t\t\n\t\t\tclass=\"so-widget-sow-editor so-widget-sow-editor-base\"\n\t\t\t\n\t\t>\n<div class=\"siteorigin-widget-tinymce textwidget\">\n\t<p><strong>Arrival by train<\/strong><\/p>\n<p>All the following lines will take you directly to S\/U Friedrichstra\u00dfe<\/p>\n<ul>\n<li>U6<\/li>\n<li>S1, S2, S3, S5, S7, S9, S25, S26, S75<\/li>\n<li>regional transport: RB14, RB21, RB22, RE1, RE2, RE7<\/li>\n<li>Tram 12 and M1<\/li>\n<li>bus 147<\/li>\n<\/ul>\n<p>To find our branch, follow the signs towards platform 5 and 6 at the station. If you arrive by underground, it is important that you take the stairs in the direction of Georgenstra\u00dfe\/Unter den Linden. Keep to the right when you see an exit from the underground in the direction of Georgenstra\u00dfe. Turn right again when you have taken the escalator to the ground floor, where you will see the DB Reisezentrum in front of you. Continue walking into the station until you see the elevator heading for platforms 5 and 6. Take the stairs to the intermediate floor and pass the escalators. You will find our branch on the right.<\/p>\n<\/div>\n<\/div><\/div><\/div><\/div><div id=\"pg-4157-3\"  class=\"panel-grid panel-no-style\" ><div id=\"pgc-4157-3-0\"  class=\"panel-grid-cell\" ><div id=\"panel-4157-3-0-0\" class=\"so-panel widget widget_media_video panel-first-child panel-last-child\" data-index=\"5\" ><div class=\"widget-title\">from the underground<\/div><div style=\"width:100%;\" class=\"wp-video\"><!--[if lt IE 9]><script>document.createElement('video');<\/script><![endif]-->\n<video class=\"wp-video-shortcode\" id=\"video-4157-1\" preload=\"metadata\" controls=\"controls\"><source type=\"video\/youtube\" src=\"https:\/\/www.youtube.com\/watch?v=J-uKqBcCVEg&#038;_=1\" \/><a href=\"https:\/\/www.youtube.com\/watch?v=J-uKqBcCVEg\">https:\/\/www.youtube.com\/watch?v=J-uKqBcCVEg<\/a><\/video><\/div><\/div><\/div><\/div><\/div>","protected":false},"excerpt":{"rendered":"<p>Dry cleaning Friedrichstra\u00dfe First upper level in the train station Berlin Friedrichstra\u00dfe 030 \/&nbsp; 21 48 05 &#8211; 21 opening hours Mon-Fri 07:00 am &#8211; 07:30 pm Sat 09:00 am &#8211; 01:00 pm Express service (Mon-Fri) Bring until 9 am and pick up the next day from 11 am [&#8230;]<\/p>\n<p><a class=\"btn btn-secondary understrap-read-more-link\" href=\"https:\/\/www.textilreinigung-pinguin.de\/en\/branches\/branch-friedrichstrasse\/\">Read More&#8230;<\/a><\/p>\n","protected":false},"author":6,"featured_media":4721,"parent":4108,"menu_order":0,"comment_status":"closed","ping_status":"closed","template":"page_menu.php","meta":{"_acf_changed":false,"inline_featured_image":false,"footnotes":""},"class_list":["post-4157","page","type-page","status-publish","has-post-thumbnail","hentry"],"acf":[],"yoast_head":"<!-- This site is optimized with the Yoast SEO plugin v27.2 - https:\/\/yoast.com\/product\/yoast-seo-wordpress\/ -->\n<title>Branch Friedrichstra\u00dfe - Pinguin Textilpflege<\/title>\n<meta name=\"robots\" content=\"index, follow, max-snippet:-1, max-image-preview:large, max-video-preview:-1\" \/>\n<link rel=\"canonical\" href=\"https:\/\/www.textilreinigung-pinguin.de\/en\/branches\/branch-friedrichstrasse\/\" \/>\n<meta property=\"og:locale\" content=\"en_US\" \/>\n<meta property=\"og:type\" content=\"article\" \/>\n<meta property=\"og:title\" content=\"Branch Friedrichstra\u00dfe - Pinguin Textilpflege\" \/>\n<meta property=\"og:description\" content=\"Dry cleaning Friedrichstra\u00dfe First upper level in the train station Berlin Friedrichstra\u00dfe 030 \/&nbsp; 21 48 05 - 21 opening hours Mon-Fri 07:00 am - 07:30 pm Sat 09:00 am - 01:00 pm Express service (Mon-Fri) Bring until 9 am and pick up the next day from 11 am [...]Read More...\" \/>\n<meta property=\"og:url\" content=\"https:\/\/www.textilreinigung-pinguin.de\/en\/branches\/branch-friedrichstrasse\/\" \/>\n<meta property=\"og:site_name\" content=\"Pinguin Textilpflege\" \/>\n<meta property=\"article:publisher\" content=\"https:\/\/www.facebook.com\/Pinguin-Textilpflege-GmbH-850678828285765\/\" \/>\n<meta property=\"article:modified_time\" content=\"2022-06-28T15:14:49+00:00\" \/>\n<meta property=\"og:image\" content=\"https:\/\/www.textilreinigung-pinguin.de\/wp-content\/uploads\/2017\/09\/friedrichstrasse-1.jpg\" \/>\n\t<meta property=\"og:image:width\" content=\"1130\" \/>\n\t<meta property=\"og:image:height\" content=\"375\" \/>\n\t<meta property=\"og:image:type\" content=\"image\/jpeg\" \/>\n<meta name=\"twitter:card\" content=\"summary_large_image\" \/>\n<meta name=\"twitter:label1\" content=\"Est. reading time\" \/>\n\t<meta name=\"twitter:data1\" content=\"1 minute\" \/>\n<script type=\"application\/ld+json\" class=\"yoast-schema-graph\">{\"@context\":\"https:\/\/schema.org\",\"@graph\":[{\"@type\":\"WebPage\",\"@id\":\"https:\/\/www.textilreinigung-pinguin.de\/en\/branches\/branch-friedrichstrasse\/\",\"url\":\"https:\/\/www.textilreinigung-pinguin.de\/en\/branches\/branch-friedrichstrasse\/\",\"name\":\"Branch Friedrichstra\u00dfe - Pinguin Textilpflege\",\"isPartOf\":{\"@id\":\"https:\/\/www.textilreinigung-pinguin.de\/en\/#website\"},\"primaryImageOfPage\":{\"@id\":\"https:\/\/www.textilreinigung-pinguin.de\/en\/branches\/branch-friedrichstrasse\/#primaryimage\"},\"image\":{\"@id\":\"https:\/\/www.textilreinigung-pinguin.de\/en\/branches\/branch-friedrichstrasse\/#primaryimage\"},\"thumbnailUrl\":\"https:\/\/www.textilreinigung-pinguin.de\/wp-content\/uploads\/2017\/09\/friedrichstrasse-1.jpg\",\"datePublished\":\"2019-04-25T17:56:43+00:00\",\"dateModified\":\"2022-06-28T15:14:49+00:00\",\"breadcrumb\":{\"@id\":\"https:\/\/www.textilreinigung-pinguin.de\/en\/branches\/branch-friedrichstrasse\/#breadcrumb\"},\"inLanguage\":\"en-US\",\"potentialAction\":[{\"@type\":\"ReadAction\",\"target\":[\"https:\/\/www.textilreinigung-pinguin.de\/en\/branches\/branch-friedrichstrasse\/\"]}]},{\"@type\":\"ImageObject\",\"inLanguage\":\"en-US\",\"@id\":\"https:\/\/www.textilreinigung-pinguin.de\/en\/branches\/branch-friedrichstrasse\/#primaryimage\",\"url\":\"https:\/\/www.textilreinigung-pinguin.de\/wp-content\/uploads\/2017\/09\/friedrichstrasse-1.jpg\",\"contentUrl\":\"https:\/\/www.textilreinigung-pinguin.de\/wp-content\/uploads\/2017\/09\/friedrichstrasse-1.jpg\",\"width\":1130,\"height\":375},{\"@type\":\"BreadcrumbList\",\"@id\":\"https:\/\/www.textilreinigung-pinguin.de\/en\/branches\/branch-friedrichstrasse\/#breadcrumb\",\"itemListElement\":[{\"@type\":\"ListItem\",\"position\":1,\"name\":\"Startseite\",\"item\":\"https:\/\/www.textilreinigung-pinguin.de\/en\/\"},{\"@type\":\"ListItem\",\"position\":2,\"name\":\"Branches\",\"item\":\"https:\/\/www.textilreinigung-pinguin.de\/en\/branches\/\"},{\"@type\":\"ListItem\",\"position\":3,\"name\":\"Branch Friedrichstra\u00dfe\"}]},{\"@type\":\"WebSite\",\"@id\":\"https:\/\/www.textilreinigung-pinguin.de\/en\/#website\",\"url\":\"https:\/\/www.textilreinigung-pinguin.de\/en\/\",\"name\":\"Pinguin Textilpflege\",\"description\":\"Der kompetente Partner f\u00fcr Ihre Textilien\",\"publisher\":{\"@id\":\"https:\/\/www.textilreinigung-pinguin.de\/en\/#organization\"},\"potentialAction\":[{\"@type\":\"SearchAction\",\"target\":{\"@type\":\"EntryPoint\",\"urlTemplate\":\"https:\/\/www.textilreinigung-pinguin.de\/en\/?s={search_term_string}\"},\"query-input\":{\"@type\":\"PropertyValueSpecification\",\"valueRequired\":true,\"valueName\":\"search_term_string\"}}],\"inLanguage\":\"en-US\"},{\"@type\":\"Organization\",\"@id\":\"https:\/\/www.textilreinigung-pinguin.de\/en\/#organization\",\"name\":\"Pinguin Textilpflege Servicegesellschaft mbH\",\"url\":\"https:\/\/www.textilreinigung-pinguin.de\/en\/\",\"logo\":{\"@type\":\"ImageObject\",\"inLanguage\":\"en-US\",\"@id\":\"https:\/\/www.textilreinigung-pinguin.de\/en\/#\/schema\/logo\/image\/\",\"url\":\"https:\/\/www.textilreinigung-pinguin.de\/wp-content\/uploads\/2017\/04\/favicon.png\",\"contentUrl\":\"https:\/\/www.textilreinigung-pinguin.de\/wp-content\/uploads\/2017\/04\/favicon.png\",\"width\":512,\"height\":512,\"caption\":\"Pinguin Textilpflege Servicegesellschaft mbH\"},\"image\":{\"@id\":\"https:\/\/www.textilreinigung-pinguin.de\/en\/#\/schema\/logo\/image\/\"},\"sameAs\":[\"https:\/\/www.facebook.com\/Pinguin-Textilpflege-GmbH-850678828285765\/\"]}]}<\/script>\n<!-- \/ Yoast SEO plugin. -->","yoast_head_json":{"title":"Branch Friedrichstra\u00dfe - Pinguin Textilpflege","robots":{"index":"index","follow":"follow","max-snippet":"max-snippet:-1","max-image-preview":"max-image-preview:large","max-video-preview":"max-video-preview:-1"},"canonical":"https:\/\/www.textilreinigung-pinguin.de\/en\/branches\/branch-friedrichstrasse\/","og_locale":"en_US","og_type":"article","og_title":"Branch Friedrichstra\u00dfe - Pinguin Textilpflege","og_description":"Dry cleaning Friedrichstra\u00dfe First upper level in the train station Berlin Friedrichstra\u00dfe 030 \/&nbsp; 21 48 05 - 21 opening hours Mon-Fri 07:00 am - 07:30 pm Sat 09:00 am - 01:00 pm Express service (Mon-Fri) Bring until 9 am and pick up the next day from 11 am [...]Read More...","og_url":"https:\/\/www.textilreinigung-pinguin.de\/en\/branches\/branch-friedrichstrasse\/","og_site_name":"Pinguin Textilpflege","article_publisher":"https:\/\/www.facebook.com\/Pinguin-Textilpflege-GmbH-850678828285765\/","article_modified_time":"2022-06-28T15:14:49+00:00","og_image":[{"width":1130,"height":375,"url":"https:\/\/www.textilreinigung-pinguin.de\/wp-content\/uploads\/2017\/09\/friedrichstrasse-1.jpg","type":"image\/jpeg"}],"twitter_card":"summary_large_image","twitter_misc":{"Est. reading time":"1 minute"},"schema":{"@context":"https:\/\/schema.org","@graph":[{"@type":"WebPage","@id":"https:\/\/www.textilreinigung-pinguin.de\/en\/branches\/branch-friedrichstrasse\/","url":"https:\/\/www.textilreinigung-pinguin.de\/en\/branches\/branch-friedrichstrasse\/","name":"Branch Friedrichstra\u00dfe - Pinguin Textilpflege","isPartOf":{"@id":"https:\/\/www.textilreinigung-pinguin.de\/en\/#website"},"primaryImageOfPage":{"@id":"https:\/\/www.textilreinigung-pinguin.de\/en\/branches\/branch-friedrichstrasse\/#primaryimage"},"image":{"@id":"https:\/\/www.textilreinigung-pinguin.de\/en\/branches\/branch-friedrichstrasse\/#primaryimage"},"thumbnailUrl":"https:\/\/www.textilreinigung-pinguin.de\/wp-content\/uploads\/2017\/09\/friedrichstrasse-1.jpg","datePublished":"2019-04-25T17:56:43+00:00","dateModified":"2022-06-28T15:14:49+00:00","breadcrumb":{"@id":"https:\/\/www.textilreinigung-pinguin.de\/en\/branches\/branch-friedrichstrasse\/#breadcrumb"},"inLanguage":"en-US","potentialAction":[{"@type":"ReadAction","target":["https:\/\/www.textilreinigung-pinguin.de\/en\/branches\/branch-friedrichstrasse\/"]}]},{"@type":"ImageObject","inLanguage":"en-US","@id":"https:\/\/www.textilreinigung-pinguin.de\/en\/branches\/branch-friedrichstrasse\/#primaryimage","url":"https:\/\/www.textilreinigung-pinguin.de\/wp-content\/uploads\/2017\/09\/friedrichstrasse-1.jpg","contentUrl":"https:\/\/www.textilreinigung-pinguin.de\/wp-content\/uploads\/2017\/09\/friedrichstrasse-1.jpg","width":1130,"height":375},{"@type":"BreadcrumbList","@id":"https:\/\/www.textilreinigung-pinguin.de\/en\/branches\/branch-friedrichstrasse\/#breadcrumb","itemListElement":[{"@type":"ListItem","position":1,"name":"Startseite","item":"https:\/\/www.textilreinigung-pinguin.de\/en\/"},{"@type":"ListItem","position":2,"name":"Branches","item":"https:\/\/www.textilreinigung-pinguin.de\/en\/branches\/"},{"@type":"ListItem","position":3,"name":"Branch Friedrichstra\u00dfe"}]},{"@type":"WebSite","@id":"https:\/\/www.textilreinigung-pinguin.de\/en\/#website","url":"https:\/\/www.textilreinigung-pinguin.de\/en\/","name":"Pinguin Textilpflege","description":"Der kompetente Partner f\u00fcr Ihre Textilien","publisher":{"@id":"https:\/\/www.textilreinigung-pinguin.de\/en\/#organization"},"potentialAction":[{"@type":"SearchAction","target":{"@type":"EntryPoint","urlTemplate":"https:\/\/www.textilreinigung-pinguin.de\/en\/?s={search_term_string}"},"query-input":{"@type":"PropertyValueSpecification","valueRequired":true,"valueName":"search_term_string"}}],"inLanguage":"en-US"},{"@type":"Organization","@id":"https:\/\/www.textilreinigung-pinguin.de\/en\/#organization","name":"Pinguin Textilpflege Servicegesellschaft mbH","url":"https:\/\/www.textilreinigung-pinguin.de\/en\/","logo":{"@type":"ImageObject","inLanguage":"en-US","@id":"https:\/\/www.textilreinigung-pinguin.de\/en\/#\/schema\/logo\/image\/","url":"https:\/\/www.textilreinigung-pinguin.de\/wp-content\/uploads\/2017\/04\/favicon.png","contentUrl":"https:\/\/www.textilreinigung-pinguin.de\/wp-content\/uploads\/2017\/04\/favicon.png","width":512,"height":512,"caption":"Pinguin Textilpflege Servicegesellschaft mbH"},"image":{"@id":"https:\/\/www.textilreinigung-pinguin.de\/en\/#\/schema\/logo\/image\/"},"sameAs":["https:\/\/www.facebook.com\/Pinguin-Textilpflege-GmbH-850678828285765\/"]}]}},"_links":{"self":[{"href":"https:\/\/www.textilreinigung-pinguin.de\/en\/wp-json\/wp\/v2\/pages\/4157","targetHints":{"allow":["GET"]}}],"collection":[{"href":"https:\/\/www.textilreinigung-pinguin.de\/en\/wp-json\/wp\/v2\/pages"}],"about":[{"href":"https:\/\/www.textilreinigung-pinguin.de\/en\/wp-json\/wp\/v2\/types\/page"}],"author":[{"embeddable":true,"href":"https:\/\/www.textilreinigung-pinguin.de\/en\/wp-json\/wp\/v2\/users\/6"}],"replies":[{"embeddable":true,"href":"https:\/\/www.textilreinigung-pinguin.de\/en\/wp-json\/wp\/v2\/comments?post=4157"}],"version-history":[{"count":5,"href":"https:\/\/www.textilreinigung-pinguin.de\/en\/wp-json\/wp\/v2\/pages\/4157\/revisions"}],"predecessor-version":[{"id":5333,"href":"https:\/\/www.textilreinigung-pinguin.de\/en\/wp-json\/wp\/v2\/pages\/4157\/revisions\/5333"}],"up":[{"embeddable":true,"href":"https:\/\/www.textilreinigung-pinguin.de\/en\/wp-json\/wp\/v2\/pages\/4108"}],"wp:featuredmedia":[{"embeddable":true,"href":"https:\/\/www.textilreinigung-pinguin.de\/en\/wp-json\/wp\/v2\/media\/4721"}],"wp:attachment":[{"href":"https:\/\/www.textilreinigung-pinguin.de\/en\/wp-json\/wp\/v2\/media?parent=4157"}],"curies":[{"name":"wp","href":"https:\/\/api.w.org\/{rel}","templated":true}]}}