{"id":4166,"date":"2019-04-25T20:02:42","date_gmt":"2019-04-25T18:02:42","guid":{"rendered":"https:\/\/www.textilreinigung-pinguin.de\/?page_id=4166"},"modified":"2022-06-28T17:13:35","modified_gmt":"2022-06-28T15:13:35","slug":"branch-treptow","status":"publish","type":"page","link":"https:\/\/www.textilreinigung-pinguin.de\/en\/branches\/branch-treptow\/","title":{"rendered":"Branch Treptow"},"content":{"rendered":"<div id=\"pl-4166\"  class=\"panel-layout\" ><div id=\"pg-4166-0\"  class=\"panel-grid panel-no-style\" ><div id=\"pgc-4166-0-0\"  class=\"panel-grid-cell\" ><div id=\"panel-4166-0-0-0\" class=\"so-panel widget widget_sow-editor panel-first-child panel-last-child\" data-index=\"0\" ><div\n\t\t\t\n\t\t\tclass=\"so-widget-sow-editor so-widget-sow-editor-base\"\n\t\t\t\n\t\t>\n<div class=\"siteorigin-widget-tinymce textwidget\">\n\t<h1>Dry cleaning Treptow<\/h1>\n<h2 style=\"font-size: 16px; color: #9b9b9b; letter-spacing: .15rem; margin-top: -11px; text-transform: uppercase; line-height: 125%;\">Schnellerstra\u00dfe 20c, 12439 Berlin<\/h2>\n<\/div>\n<\/div><\/div><\/div><div id=\"pgc-4166-0-1\"  class=\"panel-grid-cell\" ><div id=\"panel-4166-0-1-0\" class=\"so-panel widget widget_sow-editor panel-first-child panel-last-child\" data-index=\"1\" ><div class=\"panel-widget-style panel-widget-style-for-4166-0-1-0\" ><div\n\t\t\t\n\t\t\tclass=\"so-widget-sow-editor so-widget-sow-editor-base\"\n\t\t\t\n\t\t>\n<div class=\"siteorigin-widget-tinymce textwidget\">\n\t<p style=\"text-align: right;\"><span class=\"green uk-h4 icon-phone\">030 \/&nbsp; 21 48 05 - 23<\/span><\/p>\n<\/div>\n<\/div><\/div><\/div><\/div><\/div><div id=\"pg-4166-1\"  class=\"panel-grid panel-has-style\" ><div class=\"filiale panel-row-style panel-row-style-for-4166-1\" ><div id=\"pgc-4166-1-0\"  class=\"panel-grid-cell\" ><div id=\"panel-4166-1-0-0\" class=\"so-panel widget widget_sow-editor panel-first-child panel-last-child\" data-index=\"2\" ><div\n\t\t\t\n\t\t\tclass=\"so-widget-sow-editor so-widget-sow-editor-base\"\n\t\t\t\n\t\t>\n<div class=\"siteorigin-widget-tinymce textwidget\">\n\t<h3>opening hours<\/h3>\n<table class=\"uk-table\">\n<tbody>\n<tr>\n<td><strong>Mon-Fri<\/strong><\/td>\n<td>09:00 am - 07:00 pm<\/td>\n<\/tr>\n<tr>\n<td><strong>Sat<\/strong><\/td>\n<td>09:00 am - 01:00 pm<\/td>\n<\/tr>\n<\/tbody>\n<\/table>\n<\/div>\n<\/div><\/div><\/div><div id=\"pgc-4166-1-1\"  class=\"panel-grid-cell\" ><div id=\"panel-4166-1-1-0\" class=\"so-panel widget widget_sow-editor panel-first-child panel-last-child\" data-index=\"3\" ><div\n\t\t\t\n\t\t\tclass=\"so-widget-sow-editor so-widget-sow-editor-base\"\n\t\t\t\n\t\t>\n<div class=\"siteorigin-widget-tinymce textwidget\">\n\t<h3>Express-Service (Mon-Fri)<\/h3>\n<p>Bring <strong>until 10:00 am<\/strong> and pick up <strong>the next day from 12:30 am<\/strong>.<\/p>\n<\/div>\n<\/div><\/div><\/div><\/div><\/div><div id=\"pg-4166-2\"  class=\"panel-grid panel-no-style\" ><div id=\"pgc-4166-2-0\"  class=\"panel-grid-cell\" ><div id=\"panel-4166-2-0-0\" class=\"so-panel widget widget_sow-editor panel-first-child panel-last-child\" data-index=\"4\" ><div\n\t\t\t\n\t\t\tclass=\"so-widget-sow-editor so-widget-sow-editor-base\"\n\t\t\t\n\t\t>\n<div class=\"siteorigin-widget-tinymce textwidget\">\n\t<h3>Arrival by bus and train<\/h3>\n<p>If you want to get to our branch in Treptow from Berlin Mitte, you can use the <strong>RB24<\/strong> from Ostbahnhof <strong>towards Senftenberg<\/strong>. Alternatively, you could take the <strong>S9 towards Berlin-Sch\u00f6nefeld<\/strong> from stations such as Hauptbahnhof, Friedrichstra\u00dfe, Alexanderplatz, Hackescher Markt, Ostbahnhof directly to the S-Bahn station Sch\u00f6neweide without changing trains. Leave both the RB24 and the S9 at <strong>Sch\u00f6neweide<\/strong> station and walk approx. 500 m in the opposite direction up Schnellerstra\u00dfe. Our dry cleaner is located on the same side of the street as the train station.You can also reach Sch\u00f6neweide station with the trains S8, S85, S45, S46, S47, RE7, RB14, RB22, and RE2.<\/p>\n<p>When using the <strong>U2<\/strong>, take the underground towards the <strong>Olympic Stadium and get off at M\u00e4rkisches Museum.<\/strong> There you catch the <strong>bus 165 direction K\u00f6penick<\/strong> (M\u00fcggelschl\u00f6\u00dfchenweg) and get off at Schnellerstra\u00dfe 135. From there it is only a few metres in the opposite direction to our laundry service.<\/p>\n<h3><strong>Arrival by car<\/strong><\/h3>\n<p>If you come by car from Berlin Mitte, just follow the <strong>B96a<\/strong>, past Treptower Park, Baumschulenstra\u00dfe and the Britzer Verbindungskanal. If you see a DIY store on your left at the Karlshorster Stra\u00dfe intersection, it's only a few metres. Shortly before the Sch\u00f6neweide-Center on the right-hand side you can drive directly to the parking lot of our laundry and park there for free.<\/p>\n<\/div>\n<\/div><\/div><\/div><\/div><\/div>","protected":false},"excerpt":{"rendered":"<p>Dry cleaning Treptow Schnellerstra\u00dfe 20c, 12439 Berlin 030 \/&nbsp; 21 48 05 &#8211; 23 opening hours Mon-Fri 09:00 am &#8211; 07:00 pm Sat 09:00 am &#8211; 01:00 pm Express-Service (Mon-Fri) Bring until 10:00 am and pick up the next day from 12:30 am. [&#8230;]<\/p>\n<p><a class=\"btn btn-secondary understrap-read-more-link\" href=\"https:\/\/www.textilreinigung-pinguin.de\/en\/branches\/branch-treptow\/\">Read More&#8230;<\/a><\/p>\n","protected":false},"author":6,"featured_media":3720,"parent":4108,"menu_order":0,"comment_status":"closed","ping_status":"closed","template":"page_menu.php","meta":{"_acf_changed":false,"inline_featured_image":false,"footnotes":""},"class_list":["post-4166","page","type-page","status-publish","has-post-thumbnail","hentry"],"acf":[],"yoast_head":"<!-- This site is optimized with the Yoast SEO plugin v27.2 - https:\/\/yoast.com\/product\/yoast-seo-wordpress\/ -->\n<title>Branch Treptow - Pinguin Textilpflege<\/title>\n<meta name=\"robots\" content=\"index, follow, max-snippet:-1, max-image-preview:large, max-video-preview:-1\" \/>\n<link rel=\"canonical\" href=\"https:\/\/www.textilreinigung-pinguin.de\/en\/branches\/branch-treptow\/\" \/>\n<meta property=\"og:locale\" content=\"en_US\" \/>\n<meta property=\"og:type\" content=\"article\" \/>\n<meta property=\"og:title\" content=\"Branch Treptow - Pinguin Textilpflege\" \/>\n<meta property=\"og:description\" content=\"Dry cleaning Treptow Schnellerstra\u00dfe 20c, 12439 Berlin 030 \/&nbsp; 21 48 05 - 23 opening hours Mon-Fri 09:00 am - 07:00 pm Sat 09:00 am - 01:00 pm Express-Service (Mon-Fri) Bring until 10:00 am and pick up the next day from 12:30 am. [...]Read More...\" \/>\n<meta property=\"og:url\" content=\"https:\/\/www.textilreinigung-pinguin.de\/en\/branches\/branch-treptow\/\" \/>\n<meta property=\"og:site_name\" content=\"Pinguin Textilpflege\" \/>\n<meta property=\"article:publisher\" content=\"https:\/\/www.facebook.com\/Pinguin-Textilpflege-GmbH-850678828285765\/\" \/>\n<meta property=\"article:modified_time\" content=\"2022-06-28T15:13:35+00:00\" \/>\n<meta property=\"og:image\" content=\"https:\/\/www.textilreinigung-pinguin.de\/wp-content\/uploads\/2017\/09\/schnellerstr-1.jpg\" \/>\n\t<meta property=\"og:image:width\" content=\"1130\" \/>\n\t<meta property=\"og:image:height\" content=\"375\" \/>\n\t<meta property=\"og:image:type\" content=\"image\/jpeg\" \/>\n<meta name=\"twitter:card\" content=\"summary_large_image\" \/>\n<meta name=\"twitter:label1\" content=\"Est. reading time\" \/>\n\t<meta name=\"twitter:data1\" content=\"1 minute\" \/>\n<script type=\"application\/ld+json\" class=\"yoast-schema-graph\">{\"@context\":\"https:\/\/schema.org\",\"@graph\":[{\"@type\":\"WebPage\",\"@id\":\"https:\/\/www.textilreinigung-pinguin.de\/en\/branches\/branch-treptow\/\",\"url\":\"https:\/\/www.textilreinigung-pinguin.de\/en\/branches\/branch-treptow\/\",\"name\":\"Branch Treptow - Pinguin Textilpflege\",\"isPartOf\":{\"@id\":\"https:\/\/www.textilreinigung-pinguin.de\/en\/#website\"},\"primaryImageOfPage\":{\"@id\":\"https:\/\/www.textilreinigung-pinguin.de\/en\/branches\/branch-treptow\/#primaryimage\"},\"image\":{\"@id\":\"https:\/\/www.textilreinigung-pinguin.de\/en\/branches\/branch-treptow\/#primaryimage\"},\"thumbnailUrl\":\"https:\/\/www.textilreinigung-pinguin.de\/wp-content\/uploads\/2017\/09\/schnellerstr-1.jpg\",\"datePublished\":\"2019-04-25T18:02:42+00:00\",\"dateModified\":\"2022-06-28T15:13:35+00:00\",\"breadcrumb\":{\"@id\":\"https:\/\/www.textilreinigung-pinguin.de\/en\/branches\/branch-treptow\/#breadcrumb\"},\"inLanguage\":\"en-US\",\"potentialAction\":[{\"@type\":\"ReadAction\",\"target\":[\"https:\/\/www.textilreinigung-pinguin.de\/en\/branches\/branch-treptow\/\"]}]},{\"@type\":\"ImageObject\",\"inLanguage\":\"en-US\",\"@id\":\"https:\/\/www.textilreinigung-pinguin.de\/en\/branches\/branch-treptow\/#primaryimage\",\"url\":\"https:\/\/www.textilreinigung-pinguin.de\/wp-content\/uploads\/2017\/09\/schnellerstr-1.jpg\",\"contentUrl\":\"https:\/\/www.textilreinigung-pinguin.de\/wp-content\/uploads\/2017\/09\/schnellerstr-1.jpg\",\"width\":1130,\"height\":375,\"caption\":\"Texttilreinigung Treptow Au\u00dfenansicht\"},{\"@type\":\"BreadcrumbList\",\"@id\":\"https:\/\/www.textilreinigung-pinguin.de\/en\/branches\/branch-treptow\/#breadcrumb\",\"itemListElement\":[{\"@type\":\"ListItem\",\"position\":1,\"name\":\"Startseite\",\"item\":\"https:\/\/www.textilreinigung-pinguin.de\/en\/\"},{\"@type\":\"ListItem\",\"position\":2,\"name\":\"Branches\",\"item\":\"https:\/\/www.textilreinigung-pinguin.de\/en\/branches\/\"},{\"@type\":\"ListItem\",\"position\":3,\"name\":\"Branch Treptow\"}]},{\"@type\":\"WebSite\",\"@id\":\"https:\/\/www.textilreinigung-pinguin.de\/en\/#website\",\"url\":\"https:\/\/www.textilreinigung-pinguin.de\/en\/\",\"name\":\"Pinguin Textilpflege\",\"description\":\"Der kompetente Partner f\u00fcr Ihre Textilien\",\"publisher\":{\"@id\":\"https:\/\/www.textilreinigung-pinguin.de\/en\/#organization\"},\"potentialAction\":[{\"@type\":\"SearchAction\",\"target\":{\"@type\":\"EntryPoint\",\"urlTemplate\":\"https:\/\/www.textilreinigung-pinguin.de\/en\/?s={search_term_string}\"},\"query-input\":{\"@type\":\"PropertyValueSpecification\",\"valueRequired\":true,\"valueName\":\"search_term_string\"}}],\"inLanguage\":\"en-US\"},{\"@type\":\"Organization\",\"@id\":\"https:\/\/www.textilreinigung-pinguin.de\/en\/#organization\",\"name\":\"Pinguin Textilpflege Servicegesellschaft mbH\",\"url\":\"https:\/\/www.textilreinigung-pinguin.de\/en\/\",\"logo\":{\"@type\":\"ImageObject\",\"inLanguage\":\"en-US\",\"@id\":\"https:\/\/www.textilreinigung-pinguin.de\/en\/#\/schema\/logo\/image\/\",\"url\":\"https:\/\/www.textilreinigung-pinguin.de\/wp-content\/uploads\/2017\/04\/favicon.png\",\"contentUrl\":\"https:\/\/www.textilreinigung-pinguin.de\/wp-content\/uploads\/2017\/04\/favicon.png\",\"width\":512,\"height\":512,\"caption\":\"Pinguin Textilpflege Servicegesellschaft mbH\"},\"image\":{\"@id\":\"https:\/\/www.textilreinigung-pinguin.de\/en\/#\/schema\/logo\/image\/\"},\"sameAs\":[\"https:\/\/www.facebook.com\/Pinguin-Textilpflege-GmbH-850678828285765\/\"]}]}<\/script>\n<!-- \/ Yoast SEO plugin. -->","yoast_head_json":{"title":"Branch Treptow - Pinguin Textilpflege","robots":{"index":"index","follow":"follow","max-snippet":"max-snippet:-1","max-image-preview":"max-image-preview:large","max-video-preview":"max-video-preview:-1"},"canonical":"https:\/\/www.textilreinigung-pinguin.de\/en\/branches\/branch-treptow\/","og_locale":"en_US","og_type":"article","og_title":"Branch Treptow - Pinguin Textilpflege","og_description":"Dry cleaning Treptow Schnellerstra\u00dfe 20c, 12439 Berlin 030 \/&nbsp; 21 48 05 - 23 opening hours Mon-Fri 09:00 am - 07:00 pm Sat 09:00 am - 01:00 pm Express-Service (Mon-Fri) Bring until 10:00 am and pick up the next day from 12:30 am. [...]Read More...","og_url":"https:\/\/www.textilreinigung-pinguin.de\/en\/branches\/branch-treptow\/","og_site_name":"Pinguin Textilpflege","article_publisher":"https:\/\/www.facebook.com\/Pinguin-Textilpflege-GmbH-850678828285765\/","article_modified_time":"2022-06-28T15:13:35+00:00","og_image":[{"width":1130,"height":375,"url":"https:\/\/www.textilreinigung-pinguin.de\/wp-content\/uploads\/2017\/09\/schnellerstr-1.jpg","type":"image\/jpeg"}],"twitter_card":"summary_large_image","twitter_misc":{"Est. reading time":"1 minute"},"schema":{"@context":"https:\/\/schema.org","@graph":[{"@type":"WebPage","@id":"https:\/\/www.textilreinigung-pinguin.de\/en\/branches\/branch-treptow\/","url":"https:\/\/www.textilreinigung-pinguin.de\/en\/branches\/branch-treptow\/","name":"Branch Treptow - Pinguin Textilpflege","isPartOf":{"@id":"https:\/\/www.textilreinigung-pinguin.de\/en\/#website"},"primaryImageOfPage":{"@id":"https:\/\/www.textilreinigung-pinguin.de\/en\/branches\/branch-treptow\/#primaryimage"},"image":{"@id":"https:\/\/www.textilreinigung-pinguin.de\/en\/branches\/branch-treptow\/#primaryimage"},"thumbnailUrl":"https:\/\/www.textilreinigung-pinguin.de\/wp-content\/uploads\/2017\/09\/schnellerstr-1.jpg","datePublished":"2019-04-25T18:02:42+00:00","dateModified":"2022-06-28T15:13:35+00:00","breadcrumb":{"@id":"https:\/\/www.textilreinigung-pinguin.de\/en\/branches\/branch-treptow\/#breadcrumb"},"inLanguage":"en-US","potentialAction":[{"@type":"ReadAction","target":["https:\/\/www.textilreinigung-pinguin.de\/en\/branches\/branch-treptow\/"]}]},{"@type":"ImageObject","inLanguage":"en-US","@id":"https:\/\/www.textilreinigung-pinguin.de\/en\/branches\/branch-treptow\/#primaryimage","url":"https:\/\/www.textilreinigung-pinguin.de\/wp-content\/uploads\/2017\/09\/schnellerstr-1.jpg","contentUrl":"https:\/\/www.textilreinigung-pinguin.de\/wp-content\/uploads\/2017\/09\/schnellerstr-1.jpg","width":1130,"height":375,"caption":"Texttilreinigung Treptow Au\u00dfenansicht"},{"@type":"BreadcrumbList","@id":"https:\/\/www.textilreinigung-pinguin.de\/en\/branches\/branch-treptow\/#breadcrumb","itemListElement":[{"@type":"ListItem","position":1,"name":"Startseite","item":"https:\/\/www.textilreinigung-pinguin.de\/en\/"},{"@type":"ListItem","position":2,"name":"Branches","item":"https:\/\/www.textilreinigung-pinguin.de\/en\/branches\/"},{"@type":"ListItem","position":3,"name":"Branch Treptow"}]},{"@type":"WebSite","@id":"https:\/\/www.textilreinigung-pinguin.de\/en\/#website","url":"https:\/\/www.textilreinigung-pinguin.de\/en\/","name":"Pinguin Textilpflege","description":"Der kompetente Partner f\u00fcr Ihre Textilien","publisher":{"@id":"https:\/\/www.textilreinigung-pinguin.de\/en\/#organization"},"potentialAction":[{"@type":"SearchAction","target":{"@type":"EntryPoint","urlTemplate":"https:\/\/www.textilreinigung-pinguin.de\/en\/?s={search_term_string}"},"query-input":{"@type":"PropertyValueSpecification","valueRequired":true,"valueName":"search_term_string"}}],"inLanguage":"en-US"},{"@type":"Organization","@id":"https:\/\/www.textilreinigung-pinguin.de\/en\/#organization","name":"Pinguin Textilpflege Servicegesellschaft mbH","url":"https:\/\/www.textilreinigung-pinguin.de\/en\/","logo":{"@type":"ImageObject","inLanguage":"en-US","@id":"https:\/\/www.textilreinigung-pinguin.de\/en\/#\/schema\/logo\/image\/","url":"https:\/\/www.textilreinigung-pinguin.de\/wp-content\/uploads\/2017\/04\/favicon.png","contentUrl":"https:\/\/www.textilreinigung-pinguin.de\/wp-content\/uploads\/2017\/04\/favicon.png","width":512,"height":512,"caption":"Pinguin Textilpflege Servicegesellschaft mbH"},"image":{"@id":"https:\/\/www.textilreinigung-pinguin.de\/en\/#\/schema\/logo\/image\/"},"sameAs":["https:\/\/www.facebook.com\/Pinguin-Textilpflege-GmbH-850678828285765\/"]}]}},"_links":{"self":[{"href":"https:\/\/www.textilreinigung-pinguin.de\/en\/wp-json\/wp\/v2\/pages\/4166","targetHints":{"allow":["GET"]}}],"collection":[{"href":"https:\/\/www.textilreinigung-pinguin.de\/en\/wp-json\/wp\/v2\/pages"}],"about":[{"href":"https:\/\/www.textilreinigung-pinguin.de\/en\/wp-json\/wp\/v2\/types\/page"}],"author":[{"embeddable":true,"href":"https:\/\/www.textilreinigung-pinguin.de\/en\/wp-json\/wp\/v2\/users\/6"}],"replies":[{"embeddable":true,"href":"https:\/\/www.textilreinigung-pinguin.de\/en\/wp-json\/wp\/v2\/comments?post=4166"}],"version-history":[{"count":4,"href":"https:\/\/www.textilreinigung-pinguin.de\/en\/wp-json\/wp\/v2\/pages\/4166\/revisions"}],"predecessor-version":[{"id":5331,"href":"https:\/\/www.textilreinigung-pinguin.de\/en\/wp-json\/wp\/v2\/pages\/4166\/revisions\/5331"}],"up":[{"embeddable":true,"href":"https:\/\/www.textilreinigung-pinguin.de\/en\/wp-json\/wp\/v2\/pages\/4108"}],"wp:featuredmedia":[{"embeddable":true,"href":"https:\/\/www.textilreinigung-pinguin.de\/en\/wp-json\/wp\/v2\/media\/3720"}],"wp:attachment":[{"href":"https:\/\/www.textilreinigung-pinguin.de\/en\/wp-json\/wp\/v2\/media?parent=4166"}],"curies":[{"name":"wp","href":"https:\/\/api.w.org\/{rel}","templated":true}]}}