{"id":4172,"date":"2019-04-25T20:14:07","date_gmt":"2019-04-25T18:14:07","guid":{"rendered":"https:\/\/www.textilreinigung-pinguin.de\/?page_id=4172"},"modified":"2019-04-25T20:14:07","modified_gmt":"2019-04-25T18:14:07","slug":"jobs","status":"publish","type":"page","link":"https:\/\/www.textilreinigung-pinguin.de\/en\/jobs\/","title":{"rendered":"Jobs"},"content":{"rendered":"<div id=\"pl-4172\"  class=\"panel-layout\" ><div id=\"pg-4172-0\"  class=\"panel-grid panel-no-style\" ><div id=\"pgc-4172-0-0\"  class=\"panel-grid-cell\" ><div id=\"panel-4172-0-0-0\" class=\"so-panel widget widget_sow-editor panel-first-child\" data-index=\"0\" ><div\n\t\t\t\n\t\t\tclass=\"so-widget-sow-editor so-widget-sow-editor-base\"\n\t\t\t\n\t\t>\n<div class=\"siteorigin-widget-tinymce textwidget\">\n\t<p>&nbsp;<\/p>\n<h1>Our job offers<\/h1>\n<p>We are a company with a long tradition in the field of textile cleaning and laundry and always guarantee to return our customers favourite items clean and in the best condition. To ensure that this remains the case in the future, we are looking for support for our team in various areas of the company<\/p>\n<\/div>\n<\/div><\/div><div id=\"panel-4172-0-0-1\" class=\"widget_text so-panel widget widget_custom_html\" data-index=\"1\" ><div class=\"textwidget custom-html-widget\"><div class=\"lsow-accordion style1\" data-toggle=\"false\" data-expanded=\"false\"><!-- Cyber.Core: Jobangebot 3943 vorhanden, aber inaktiv --><!-- Cyber.Core: Jobangebot 5266 vorhanden, aber inaktiv --><!-- Cyber.Core: Jobangebot 5366 vorhanden, aber nicht im Datumsbereich --><!-- Cyber.Core: Jobangebot 3962 vorhanden, aber inaktiv --><!-- Cyber.Core: Jobangebot 3961 vorhanden, aber inaktiv --><\/div><\/div><\/div><div id=\"panel-4172-0-0-2\" class=\"so-panel widget widget_lsow-accordion panel-last-child\" data-index=\"2\" ><div class=\"panel-widget-style panel-widget-style-for-4172-0-0-2\" ><div\n\t\t\t\n\t\t\tclass=\"so-widget-lsow-accordion so-widget-lsow-accordion-default-d75171398898-4172\"\n\t\t\t\n\t\t>\n<div class=\"lsow-accordion style1\" data-toggle=\"false\" data-expanded=\"false\"><div class=\"lsow-panel\" id=\"\"><div class=\"lsow-panel-title\">Nebenjob zum Anlernen<\/div><div class=\"lsow-panel-content\">\n<p>Wir sind ein Traditionsunternehmen im Bereich Textilreinigung und W\u00e4scherei und sorgen t\u00e4glich daf\u00fcr, dass unsere Kunden Ihre Lieblingsst\u00fccke immer wieder sauber und in bester Form zur\u00fcck erhalten.Damit das auch in Zukunft so bleibt, brauchen wir Verst\u00e4rkung an der Hemdenmaschine.<\/p>\n<p>Wenn Sie schnell neue Handgriffe lernen und offen f\u00fcr neue T\u00e4tigkeiten sind, dann sind Sie bei uns richtig. Wenn Sie schon mal schauen m\u00f6chten wie die T\u00e4tigkeit aussieht, k\u00f6nnen Sie sich folgendes Youtube-Video ansehen: Unipress Lightning LS2<\/p>\n<p>Wir bieten Arbeitszeiten von Montag bis Freitag von 8.00 - 15.00 Uhr an. Hier sind auch Schichten von 8.00 - 11.00 Uhr und 11.00 - 15.00 Uhr m\u00f6glich.<\/p>\n<p>Die T\u00e4tigkeit wird nach Stunden abgerechnet. Der monatliche Gesamtlohn \u00fcbersteigt nicht die 450 EUR-Grenze. Der Stundenlohn betr\u00e4gt 8,84 EUR.<\/p>\n<\/div><\/div><!-- .lsow-panel --><div class=\"lsow-panel\" id=\"\"><div class=\"lsow-panel-title\">Teil- oder Vollzeitt\u00e4tigkeit zum Anlernen (ca. 30-40 Std.)<\/div><div class=\"lsow-panel-content\"><p>Sie m\u00f6chten sich ver\u00e4ndern und suchen etwas, wo Sie sich schnell Einarbeiten k\u00f6nnen? Dann k\u00f6nnte diese T\u00e4tigkeit etwas f\u00fcr Sie sein.<\/p>\n<p>Wir schulen Sie im Umgang mit der Maschine und erm\u00f6glichen Ihnen so ein v\u00f6llig neues Berufsfeld.<br \/>\nAm Ende der Einarbeitung werden Sie selbst\u00e4ndig in der Lage sein Hosen alle Art zu pressen und Nacharbeiten per Hand mit dem B\u00fcgeleisen auszuf\u00fchren.<br \/>\nWenn Sie sich vorab informieren m\u00f6chten wie Ihre neue T\u00e4tigkeit aussieht, k\u00f6nnen Sie sich gerne schon einmal das Video ansehen: Hosenpresse Pantastar<\/p>\n<p>Wir bieten Ihnen eine l\u00e4ngerfristige Einarbeitung in den neuen Arbeitsplatz, ein gutes Betriebsklima und berufliche Entwicklungsm\u00f6glichkeiten.<br \/>\nDer Stundenlohn liegt bei 9,59 EUR. Hinzu kommt eine Leistungspr\u00e4mie bei geeigneter Leistung nach der Einarbeitung.<\/p>\n<p>Die Arbeitszeiten sind von Montag bis Freitag jeweils vormittags. Eventuell ist auch eine Arbeitszeit ab 8.00 Uhr m\u00f6glich, wenn sich dies aus famili\u00e4ren Gr\u00fcnden f\u00fcr Sie g\u00fcnstiger ergeben sollte.<\/p>\n<p>Gerne k\u00f6nnen Sie uns auch vor Ihrer Bewerbung anrufen, um erste Fragen zum Arbeitsplatz zu stellen.<\/p>\n<p>Wir freuen uns auf Ihre Bewerbung!<\/p>\n<\/div><\/div><!-- .lsow-panel --><div class=\"lsow-panel\" id=\"\"><div class=\"lsow-panel-title\">Textilreiniger\/in in Vollzeit (40 Std.)<\/div><div class=\"lsow-panel-content\"><p>Sie sind zuverl\u00e4ssig, motiviert und interessiert an einem Arbeitsplatz mit Zukunft?<br \/>\nDann suchen wir Sie zur Verst\u00e4rkung unseres Teams als:<\/p>\n<p>Textilreiniger\/in<\/p>\n<p>Die Pinguin Textilpflege Serviceges. mbH ist ein Familienunternehmen mit \u00fcber 50-j\u00e4hriger Tradition. Derzeit besch\u00e4ftigen wir mehr als 30 Mitarbeiter.<\/p>\n<p>Wir versuchen t\u00e4glich im Team die Herausforderungen bei der Bearbeitung der Kundengarderobe zu meistern. Ob es sich um schwierige Flecken, anspruchsvoll zu b\u00fcgelnde Textilien oder schlicht die termintreue R\u00fcckgabe handelt, wir geben t\u00e4glich unser Bestes.<\/p>\n<p>F\u00fcr unser Bestreben nach Umweltschutz und Nachhaltigkeit sind wir mit dem Blauen Engel ausgezeichnet worden.<\/p>\n<p>Wir bieten:<\/p>\n<p>-> eine Festanstellung in Teilzeit oder Vollzeit<br \/>\n-> einen krisensicheren Job<br \/>\n-> einen Einstiegsstundenlohn von 10,59 EUR<br \/>\n-> abwechslungsreiche T\u00e4tigkeiten<br \/>\n-> ein angenehmes Klima unter den Mitarbeiter\/innen<\/p>\n<p>Wir erwarten:<\/p>\n<p>-> einen freundlichen Umgang mit Kunden und Kollegen<br \/>\n-> gute Kenntnisse in der chemischen Reinigung bzw. Nassreinigung<br \/>\n-> gute oder ausbaubare F\u00e4higkeiten beim B\u00fcgeln von Oberbekleidung<\/p>\n<p>Ihr T\u00e4tigkeitsbereich umfasst:<\/p>\n<p>-> Warensortierung nach Pflegeart<br \/>\n-> Vor- und Nachdetachur<br \/>\n-> chemische Reinigung in KWL bzw. Waschen mit mod. Waschmaschinen<br \/>\n-> B\u00fcgeln von Oberbekleidung<br \/>\n-> Kassent\u00e4tigkeit (optional)<\/p>\n<p>Wenn Sie sich vorstellen k\u00f6nnen in einem modernen Betrieb mit netten Kollegen und anspruchsvollen T\u00e4tigkeiten zu arbeiten, dann freuen wir uns auf Ihre Bewerbung.<\/p>\n<p>Gerne k\u00f6nnen Sie auch vorab schon einmal Fragen zur T\u00e4tigkeit an uns stellen: Herr Schneider oder Frau Schneider-Wulkow 030\/2148050<\/p>\n<\/div><\/div><!-- .lsow-panel --><\/div><!-- .lsow-accordion --><\/div><\/div><\/div><\/div><\/div><div id=\"pg-4172-1\"  class=\"panel-grid panel-no-style\" ><div id=\"pgc-4172-1-0\"  class=\"panel-grid-cell\" ><div id=\"panel-4172-1-0-0\" class=\"so-panel widget widget_sow-editor panel-first-child panel-last-child\" data-index=\"3\" ><div\n\t\t\t\n\t\t\tclass=\"so-widget-sow-editor so-widget-sow-editor-base\"\n\t\t\t\n\t\t>\n<div class=\"siteorigin-widget-tinymce textwidget\">\n\t<h3>Interested?<\/h3>\n<p>We would be delighted to receive your application either via the contact form or by post. If you have any further questions, please do not hesitate to contact <strong>Armin Schneider<\/strong> at 030\/214 80 50.<\/p>\n<p><strong>We look forward to hearing from you!<\/strong><\/p>\n<p>&nbsp;<\/p>\n<p><strong>Data protection notice according to DSGVO (GDPR)<\/strong><\/p>\n<p>The website of the Pinguin Textilpflege Servicegesellschaft mbH contains, due to legal regulations, information which enables a quick electronic contact to our company as well as a direct communication with us, which also includes a general address of the so-called electronic mail (e-mail address). If a data subject contacts the data controller by e-mail or via a contact form, the personal data transmitted by the data subject is automatically stored. Such personal data transmitted voluntarily by a data subject to the data controller will be stored for the purposes of processing or contacting the data subject. This personal data will not be passed on to third parties. Likewise, the data will not be used for any other purpose, such as mailings or the like.<\/p>\n<\/div>\n<\/div><\/div><\/div><div id=\"pgc-4172-1-1\"  class=\"panel-grid-cell\" ><div id=\"panel-4172-1-1-0\" class=\"so-panel widget widget_sow-editor panel-first-child panel-last-child\" data-index=\"4\" ><div\n\t\t\t\n\t\t\tclass=\"so-widget-sow-editor so-widget-sow-editor-base\"\n\t\t\t\n\t\t>\n<div class=\"siteorigin-widget-tinymce textwidget\">\n\t\n<div class=\"wpcf7 no-js\" id=\"wpcf7-f894-o1\" lang=\"de-DE\" dir=\"ltr\" data-wpcf7-id=\"894\">\n<div class=\"screen-reader-response\"><p role=\"status\" aria-live=\"polite\" aria-atomic=\"true\"><\/p> <ul><\/ul><\/div>\n<form action=\"\/en\/wp-json\/wp\/v2\/pages\/4172#wpcf7-f894-o1\" method=\"post\" class=\"wpcf7-form init\" aria-label=\"Kontaktformular\" enctype=\"multipart\/form-data\" novalidate=\"novalidate\" data-status=\"init\">\n<fieldset class=\"hidden-fields-container\"><input type=\"hidden\" name=\"_wpcf7\" value=\"894\" \/><input type=\"hidden\" name=\"_wpcf7_version\" value=\"6.1.5\" \/><input type=\"hidden\" name=\"_wpcf7_locale\" value=\"de_DE\" \/><input type=\"hidden\" name=\"_wpcf7_unit_tag\" value=\"wpcf7-f894-o1\" \/><input type=\"hidden\" name=\"_wpcf7_container_post\" value=\"0\" \/><input type=\"hidden\" name=\"_wpcf7_posted_data_hash\" value=\"\" \/><input type=\"hidden\" name=\"_wpcf7_recaptcha_response\" value=\"\" \/>\n<\/fieldset>\n<div class=\"uk-form\">\n\t<div class=\"uk-grid uk-grid-small\">\n\t\t<div class=\"uk-width-small-1-1\">\n\t\t\t<p><span class=\"wpcf7-form-control-wrap\" data-name=\"fn-name\"><input size=\"40\" maxlength=\"400\" class=\"wpcf7-form-control wpcf7-text wpcf7-validates-as-required uk-margin-bottom\" aria-required=\"true\" aria-invalid=\"false\" placeholder=\"Name *\" value=\"\" type=\"text\" name=\"fn-name\" \/><\/span><br \/>\n<span class=\"wpcf7-form-control-wrap\" data-name=\"fn-mail\"><input size=\"40\" maxlength=\"400\" class=\"wpcf7-form-control wpcf7-email wpcf7-validates-as-required wpcf7-text wpcf7-validates-as-email uk-margin-bottom\" aria-required=\"true\" aria-invalid=\"false\" placeholder=\"E-Mail *\" value=\"\" type=\"email\" name=\"fn-mail\" \/><\/span><br \/>\n<span class=\"wpcf7-form-control-wrap\" data-name=\"fn-telefon\"><input size=\"40\" maxlength=\"400\" class=\"wpcf7-form-control wpcf7-text uk-margin-bottom\" aria-invalid=\"false\" placeholder=\"Telefon\" value=\"\" type=\"text\" name=\"fn-telefon\" \/><\/span><br \/>\n<span class=\"wpcf7-form-control-wrap\" data-name=\"fn-nachricht\"><textarea cols=\"40\" rows=\"10\" maxlength=\"2000\" class=\"wpcf7-form-control wpcf7-textarea wpcf7-validates-as-required uk-margin-bottom\" aria-required=\"true\" aria-invalid=\"false\" placeholder=\"Deine Nachricht *\" name=\"fn-nachricht\"><\/textarea><\/span><br \/>\n<span class=\"wpcf7-form-control-wrap\" data-name=\"pdf\"><input size=\"40\" class=\"wpcf7-form-control wpcf7-file\" accept=\".pdf\" aria-invalid=\"false\" type=\"file\" name=\"pdf\" \/><\/span><br \/>\n<span id=\"wpcf7-6a046f3c5bed6-wrapper\" class=\"wpcf7-form-control-wrap emails-wrap\" style=\"display:none !important; visibility:hidden !important;\"><label for=\"wpcf7-6a046f3c5bed6-field\" class=\"hp-message\">Bitte lasse dieses Feld leer.<\/label><input id=\"wpcf7-6a046f3c5bed6-field\"  class=\"wpcf7-form-control wpcf7-text\" type=\"text\" name=\"emails\" value=\"\" size=\"40\" tabindex=\"-1\" autocomplete=\"new-password\" \/><\/span><br \/>\n<input class=\"wpcf7-form-control wpcf7-submit has-spinner uk-button\" type=\"submit\" value=\"Anfrage absenden\" \/>\n\t\t\t<\/p>\n\t\t<\/div>\n\t<\/div>\n<\/div><div class=\"wpcf7-response-output\" aria-hidden=\"true\"><\/div>\n<\/form>\n<\/div>\n\n<\/div>\n<\/div><\/div><\/div><\/div><\/div>","protected":false},"excerpt":{"rendered":"<p>&nbsp; Our job offers We are a company with a long tradition in the field of textile cleaning and laundry and always guarantee to return our customers favourite items clean and in the best condition. To ensure that this remains the case in the future, we are looking for support for our team in various [&#8230;]<\/p>\n<p><a class=\"btn btn-secondary understrap-read-more-link\" href=\"https:\/\/www.textilreinigung-pinguin.de\/en\/jobs\/\">Read More&#8230;<\/a><\/p>\n","protected":false},"author":6,"featured_media":0,"parent":0,"menu_order":0,"comment_status":"closed","ping_status":"closed","template":"","meta":{"_acf_changed":false,"inline_featured_image":false,"footnotes":""},"class_list":["post-4172","page","type-page","status-publish","hentry"],"acf":[],"yoast_head":"<!-- This site is optimized with the Yoast SEO plugin v27.6 - https:\/\/yoast.com\/product\/yoast-seo-wordpress\/ -->\n<title>Jobs - Pinguin Textilpflege<\/title>\n<meta name=\"robots\" content=\"index, follow, max-snippet:-1, max-image-preview:large, max-video-preview:-1\" \/>\n<link rel=\"canonical\" href=\"https:\/\/www.textilreinigung-pinguin.de\/en\/jobs\/\" \/>\n<meta property=\"og:locale\" content=\"en_US\" \/>\n<meta property=\"og:type\" content=\"article\" \/>\n<meta property=\"og:title\" content=\"Jobs - Pinguin Textilpflege\" \/>\n<meta property=\"og:description\" content=\"&nbsp; Our job offers We are a company with a long tradition in the field of textile cleaning and laundry and always guarantee to return our customers favourite items clean and in the best condition. To ensure that this remains the case in the future, we are looking for support for our team in various [...]Read More...\" \/>\n<meta property=\"og:url\" content=\"https:\/\/www.textilreinigung-pinguin.de\/en\/jobs\/\" \/>\n<meta property=\"og:site_name\" content=\"Pinguin Textilpflege\" \/>\n<meta property=\"article:publisher\" content=\"https:\/\/www.facebook.com\/Pinguin-Textilpflege-GmbH-850678828285765\/\" \/>\n<meta property=\"og:image\" content=\"https:\/\/www.textilreinigung-pinguin.de\/wp-content\/uploads\/2017\/04\/favicon.png\" \/>\n\t<meta property=\"og:image:width\" content=\"512\" \/>\n\t<meta property=\"og:image:height\" content=\"512\" \/>\n\t<meta property=\"og:image:type\" content=\"image\/png\" \/>\n<meta name=\"twitter:card\" content=\"summary_large_image\" \/>\n<meta name=\"twitter:label1\" content=\"Est. reading time\" \/>\n\t<meta name=\"twitter:data1\" content=\"1 minute\" \/>\n<script type=\"application\/ld+json\" class=\"yoast-schema-graph\">{\"@context\":\"https:\\\/\\\/schema.org\",\"@graph\":[{\"@type\":\"WebPage\",\"@id\":\"https:\\\/\\\/www.textilreinigung-pinguin.de\\\/en\\\/jobs\\\/\",\"url\":\"https:\\\/\\\/www.textilreinigung-pinguin.de\\\/en\\\/jobs\\\/\",\"name\":\"Jobs - Pinguin Textilpflege\",\"isPartOf\":{\"@id\":\"https:\\\/\\\/www.textilreinigung-pinguin.de\\\/en\\\/#website\"},\"datePublished\":\"2019-04-25T18:14:07+00:00\",\"breadcrumb\":{\"@id\":\"https:\\\/\\\/www.textilreinigung-pinguin.de\\\/en\\\/jobs\\\/#breadcrumb\"},\"inLanguage\":\"en-US\",\"potentialAction\":[{\"@type\":\"ReadAction\",\"target\":[\"https:\\\/\\\/www.textilreinigung-pinguin.de\\\/en\\\/jobs\\\/\"]}]},{\"@type\":\"BreadcrumbList\",\"@id\":\"https:\\\/\\\/www.textilreinigung-pinguin.de\\\/en\\\/jobs\\\/#breadcrumb\",\"itemListElement\":[{\"@type\":\"ListItem\",\"position\":1,\"name\":\"Startseite\",\"item\":\"https:\\\/\\\/www.textilreinigung-pinguin.de\\\/en\\\/\"},{\"@type\":\"ListItem\",\"position\":2,\"name\":\"Jobs\"}]},{\"@type\":\"WebSite\",\"@id\":\"https:\\\/\\\/www.textilreinigung-pinguin.de\\\/en\\\/#website\",\"url\":\"https:\\\/\\\/www.textilreinigung-pinguin.de\\\/en\\\/\",\"name\":\"Pinguin Textilpflege\",\"description\":\"Der kompetente Partner f\u00fcr Ihre Textilien\",\"publisher\":{\"@id\":\"https:\\\/\\\/www.textilreinigung-pinguin.de\\\/en\\\/#organization\"},\"potentialAction\":[{\"@type\":\"SearchAction\",\"target\":{\"@type\":\"EntryPoint\",\"urlTemplate\":\"https:\\\/\\\/www.textilreinigung-pinguin.de\\\/en\\\/?s={search_term_string}\"},\"query-input\":{\"@type\":\"PropertyValueSpecification\",\"valueRequired\":true,\"valueName\":\"search_term_string\"}}],\"inLanguage\":\"en-US\"},{\"@type\":\"Organization\",\"@id\":\"https:\\\/\\\/www.textilreinigung-pinguin.de\\\/en\\\/#organization\",\"name\":\"Pinguin Textilpflege Servicegesellschaft mbH\",\"url\":\"https:\\\/\\\/www.textilreinigung-pinguin.de\\\/en\\\/\",\"logo\":{\"@type\":\"ImageObject\",\"inLanguage\":\"en-US\",\"@id\":\"https:\\\/\\\/www.textilreinigung-pinguin.de\\\/en\\\/#\\\/schema\\\/logo\\\/image\\\/\",\"url\":\"https:\\\/\\\/www.textilreinigung-pinguin.de\\\/wp-content\\\/uploads\\\/2017\\\/04\\\/favicon.png\",\"contentUrl\":\"https:\\\/\\\/www.textilreinigung-pinguin.de\\\/wp-content\\\/uploads\\\/2017\\\/04\\\/favicon.png\",\"width\":512,\"height\":512,\"caption\":\"Pinguin Textilpflege Servicegesellschaft mbH\"},\"image\":{\"@id\":\"https:\\\/\\\/www.textilreinigung-pinguin.de\\\/en\\\/#\\\/schema\\\/logo\\\/image\\\/\"},\"sameAs\":[\"https:\\\/\\\/www.facebook.com\\\/Pinguin-Textilpflege-GmbH-850678828285765\\\/\"]}]}<\/script>\n<!-- \/ Yoast SEO plugin. -->","yoast_head_json":{"title":"Jobs - Pinguin Textilpflege","robots":{"index":"index","follow":"follow","max-snippet":"max-snippet:-1","max-image-preview":"max-image-preview:large","max-video-preview":"max-video-preview:-1"},"canonical":"https:\/\/www.textilreinigung-pinguin.de\/en\/jobs\/","og_locale":"en_US","og_type":"article","og_title":"Jobs - Pinguin Textilpflege","og_description":"&nbsp; Our job offers We are a company with a long tradition in the field of textile cleaning and laundry and always guarantee to return our customers favourite items clean and in the best condition. To ensure that this remains the case in the future, we are looking for support for our team in various [...]Read More...","og_url":"https:\/\/www.textilreinigung-pinguin.de\/en\/jobs\/","og_site_name":"Pinguin Textilpflege","article_publisher":"https:\/\/www.facebook.com\/Pinguin-Textilpflege-GmbH-850678828285765\/","og_image":[{"width":512,"height":512,"url":"https:\/\/www.textilreinigung-pinguin.de\/wp-content\/uploads\/2017\/04\/favicon.png","type":"image\/png"}],"twitter_card":"summary_large_image","twitter_misc":{"Est. reading time":"1 minute"},"schema":{"@context":"https:\/\/schema.org","@graph":[{"@type":"WebPage","@id":"https:\/\/www.textilreinigung-pinguin.de\/en\/jobs\/","url":"https:\/\/www.textilreinigung-pinguin.de\/en\/jobs\/","name":"Jobs - Pinguin Textilpflege","isPartOf":{"@id":"https:\/\/www.textilreinigung-pinguin.de\/en\/#website"},"datePublished":"2019-04-25T18:14:07+00:00","breadcrumb":{"@id":"https:\/\/www.textilreinigung-pinguin.de\/en\/jobs\/#breadcrumb"},"inLanguage":"en-US","potentialAction":[{"@type":"ReadAction","target":["https:\/\/www.textilreinigung-pinguin.de\/en\/jobs\/"]}]},{"@type":"BreadcrumbList","@id":"https:\/\/www.textilreinigung-pinguin.de\/en\/jobs\/#breadcrumb","itemListElement":[{"@type":"ListItem","position":1,"name":"Startseite","item":"https:\/\/www.textilreinigung-pinguin.de\/en\/"},{"@type":"ListItem","position":2,"name":"Jobs"}]},{"@type":"WebSite","@id":"https:\/\/www.textilreinigung-pinguin.de\/en\/#website","url":"https:\/\/www.textilreinigung-pinguin.de\/en\/","name":"Pinguin Textilpflege","description":"Der kompetente Partner f\u00fcr Ihre Textilien","publisher":{"@id":"https:\/\/www.textilreinigung-pinguin.de\/en\/#organization"},"potentialAction":[{"@type":"SearchAction","target":{"@type":"EntryPoint","urlTemplate":"https:\/\/www.textilreinigung-pinguin.de\/en\/?s={search_term_string}"},"query-input":{"@type":"PropertyValueSpecification","valueRequired":true,"valueName":"search_term_string"}}],"inLanguage":"en-US"},{"@type":"Organization","@id":"https:\/\/www.textilreinigung-pinguin.de\/en\/#organization","name":"Pinguin Textilpflege Servicegesellschaft mbH","url":"https:\/\/www.textilreinigung-pinguin.de\/en\/","logo":{"@type":"ImageObject","inLanguage":"en-US","@id":"https:\/\/www.textilreinigung-pinguin.de\/en\/#\/schema\/logo\/image\/","url":"https:\/\/www.textilreinigung-pinguin.de\/wp-content\/uploads\/2017\/04\/favicon.png","contentUrl":"https:\/\/www.textilreinigung-pinguin.de\/wp-content\/uploads\/2017\/04\/favicon.png","width":512,"height":512,"caption":"Pinguin Textilpflege Servicegesellschaft mbH"},"image":{"@id":"https:\/\/www.textilreinigung-pinguin.de\/en\/#\/schema\/logo\/image\/"},"sameAs":["https:\/\/www.facebook.com\/Pinguin-Textilpflege-GmbH-850678828285765\/"]}]}},"_links":{"self":[{"href":"https:\/\/www.textilreinigung-pinguin.de\/en\/wp-json\/wp\/v2\/pages\/4172","targetHints":{"allow":["GET"]}}],"collection":[{"href":"https:\/\/www.textilreinigung-pinguin.de\/en\/wp-json\/wp\/v2\/pages"}],"about":[{"href":"https:\/\/www.textilreinigung-pinguin.de\/en\/wp-json\/wp\/v2\/types\/page"}],"author":[{"embeddable":true,"href":"https:\/\/www.textilreinigung-pinguin.de\/en\/wp-json\/wp\/v2\/users\/6"}],"replies":[{"embeddable":true,"href":"https:\/\/www.textilreinigung-pinguin.de\/en\/wp-json\/wp\/v2\/comments?post=4172"}],"version-history":[{"count":2,"href":"https:\/\/www.textilreinigung-pinguin.de\/en\/wp-json\/wp\/v2\/pages\/4172\/revisions"}],"predecessor-version":[{"id":4174,"href":"https:\/\/www.textilreinigung-pinguin.de\/en\/wp-json\/wp\/v2\/pages\/4172\/revisions\/4174"}],"wp:attachment":[{"href":"https:\/\/www.textilreinigung-pinguin.de\/en\/wp-json\/wp\/v2\/media?parent=4172"}],"curies":[{"name":"wp","href":"https:\/\/api.w.org\/{rel}","templated":true}]}}